{"id":569,"date":"2025-05-17T10:08:40","date_gmt":"2025-05-17T10:08:40","guid":{"rendered":"https:\/\/www.2791strandgaarden.dk\/?page_id=569"},"modified":"2025-05-18T20:39:13","modified_gmt":"2025-05-18T20:39:13","slug":"gl-nyhedsbreve","status":"publish","type":"page","link":"https:\/\/www.2791strandgaarden.dk\/index.php\/gl-nyhedsbreve\/","title":{"rendered":"GL. NYHEDSBREVE"},"content":{"rendered":"\n<p class=\"has-text-align-center\"><strong>Nyhedsbrev februar 2025<\/strong><\/p>\n\n\n\n<p>Velkommen \ufffd\ufffd<br>Siden sidste nyhedsbrev, har vi f\u00e5et f\u00f8lgende nye grundejere, hjertelig velkommen til jer:<br>Kessel Alle 8 &#8211; 28<br>Elborg Alle 13<br>Diesen Alle 13 &#8211; 14<br>N\u00f8ragersmindevej 137<br>Mortel Alle 23<br>Liesel Alle<br>Bestyrelsen har v\u00e6ret i dialog med Rikke fra Strandg\u00e5rdens Hestepension. Hun fort\u00e6ller, at det ikke<br>l\u00e6ngere vil v\u00e6re muligt at g\u00e5 p\u00e5 hendes matrikel. Det betyder, at gennemgangen fra Liesel Alle\/Mortel<br>Alle til Kongelundsvej nu er blevet sp\u00e6rret. Dette er grunden til at der er opsat skilte med \u201dAdgang<br>forbudt &#8211; Privat ejendom\u201d.<br>Adgangen til Kongelundsvej vil fremover kun v\u00e6re via vores egne veje, N\u00f8ragersmindevej samt<br>gennem skoven.<br>Vejbr\u00f8nde<br>Bestyrelsen har oplevet at nogle grundejere h\u00e6lder \u201dflydende affald\u201d eks. fritureolie\/rester af cement<br>mm i vores br\u00f8nde. Dette er strengt forbudt \u2013 det \u00f8del\u00e6gger de br\u00f8nde som vi alle har ansvaret for at<br>vedligeholde og som vi alle betaler for at vedligeholde.<br>P\u00e5 affaldsapp\u00e9n for T\u00e5rnby Kommune kan I finde sorteringsguiden.<br>Find flere nyttige links og apps p\u00e5 vores hjemmeside.<br>Parkerings service<br>Kommunens parkeringsvagter har bes\u00f8gt vores grundejerforening flere gange. Dette har resulteret i<br>flere udskrevne parkeringsafgifter til p\u00e5h\u00e6ngsk\u00f8ret\u00f8jer (trailer og campingvogn) samt biler, der har<br>v\u00e6ret parkeret ulovligt.<br>Husk at det ikke er lovligt at parkere foran en indk\u00f8rsel heller ikke selvom det er ens egen. &nbsp;<br>Hermed uddrag fra T\u00e5rnby kommunes parkeringsregler:<br>\u00a7 1. Reglerne i denne bekendtg\u00f8relse finder anvendelse i forhold til k\u00f8ret\u00f8jer, der er henstillet p\u00e5<br>offentlige veje og private f\u00e6llesveje i byzone.<br>\u00a7 2. Biler med tilladt totalv\u00e6gt over 3.500 kg (lastbiler, busser og lignende), p\u00e5h\u00e6ngsk\u00f8ret\u00f8jer<br>(herunder trailere og campingvogne), motorredskaber og traktorer m\u00e5 ikke parkeres i tidsrummet kl.<br>19 &#8211; 07, medmindre s\u00e5dan parkering er tilladt ved s\u00e6rlig afm\u00e6rkning p\u00e5 bestemte vejstr\u00e6kninger eller<br>pladser. Disse steder kan ses p\u00e5 kommunens hjemmeside www.taarnby.dk.<br>Stk. 2. Uden for de n\u00e6vnte steder m\u00e5 p\u00e5h\u00e6ngsk\u00f8ret\u00f8jer (herunder campingvogne) med tilladt<br>totalv\u00e6gt p\u00e5 h\u00f8jest 2.000 kg dog parkeres i indtil 24 timer.<br>\u00a7 3. Det er tilladt for k\u00f8ret\u00f8jer, hvis tilladte totalv\u00e6gt ikke overstiger 3.000 kg at standse eller parkere<\/p>\n\n\n\n<ol class=\"wp-block-list\">\n<li>delvist p\u00e5 fortov med en del af k\u00f8ret\u00f8jet og h\u00f8jst 2 hjul i k\u00f8ret\u00f8jets l\u00e6ngderetning. 2. helt eller<br>delvist p\u00e5 skillerabat s\u00e5fremt det ikke er til fare eller ulempe for f\u00e6rdslen p\u00e5 fortovet i henhold til<br>f\u00e6rdselslovens \u00a73.<\/li>\n<\/ol>\n\n\n\n<p>Grundejerforeningen Strandg\u00e5rden<br>v\/ formand Susanne Kleberg, Elborg Alle 52, 2791 Drag\u00f8r,<br>www.2791strandgaarden.dk; bestyrelsen@2791strandgaarden.dk<\/p>\n\n\n\n<p>Overk\u00f8rsler<br>Hvis du skal kunne k\u00f8re ind over fortovet til din grund, skal du s\u00f8ge om tilladelse til at lave en<br>overk\u00f8rsel. Du skal s\u00f8ge tilladelse uanset om du vil etablere, \u00e6ndre eller fjerne en overk\u00f8rsel.&nbsp;&nbsp;<br>Dette har betydning for afviklingen af vand fra vejen samt at vandet kan l\u00f8be frit i rendestenen.<br>Hundeefterladenskaber<br>Vi ser gerne, at n\u00e5r jeres hund skal af med \u201dnoget\u201d, at det bliver samlet op igen \u2013 udfordringen er is\u00e6r<br>p\u00e5 Liesel Alle og N\u00f8ragersmindevej. Det er bare ikke l\u00e6kkert at komme hjem med smattede sko fyldt<br>med hundeefterladenskaber.<br>Snerydning<br>V\u00e6r opm\u00e6rksom p\u00e5, at snerydderen ikke n\u00f8dvendigvis kan rydde din fortov\/vej hvis der holder biler<br>mv parkeret \u2013 S\u00e5 hold \u00f8je med vejrudsigten og k\u00f8r din bil ind p\u00e5 grunden, s\u00e5 snerydderen har plads.<br>Husk at det er den enkeltes pligt at holde fortov frit for sne.<br>Afvanding<br>Som I sikkert har bem\u00e6rket, er gr\u00f8ften mellem G\/F Strandg\u00e5rden og Strandg\u00e5rdens Hestepension<br>blevet oprenset. T\u00e5rnby Kommune har ikke tidligere l\u00f8ftet denne opgave med at dr\u00e6nere regnvandet,<br>hvilket har betydet, at br\u00f8ndene p\u00e5 N\u00f8ragersmindevej (fra k\u00f8bmanden til Kongelundsvej) har v\u00e6ret<br>meget belastet. S\u00e5 en opfordring til alle om, ikke at smide affald, hundeefterladenskaber mv i gr\u00f8ften.<br>Brandhaner<br>T\u00e5rnby Brandv\u00e6sen p\u00e5t\u00e6nker at starte et funktionseftersyn af brandhaner (hanerne \u00e5bnes \/ lukkes og<br>t\u00f8mmes)&nbsp;i T\u00e5rnby Kommune med opstart i april. Arbejdet forventes at tage nogle m\u00e5neder i hele<br>kommunen, hvorfor de ikke kan fort\u00e6lle n\u00e6rmere, hvorn\u00e5r de er hos G\/F Strandg\u00e5rden.<\/p>\n\n\n\n<p>Mvh Bestyrelsen<\/p>\n\n\n\n<p class=\"has-text-align-center\"><strong>Nyhedsbrev april 2024<\/strong><\/p>\n\n\n\n<p>Rensning af vejbr\u00f8nde \u2013 VIGTIGT<\/p>\n\n\n\n<p>Vores vejbr\u00f8nde vil blive renset og spulet i l\u00f8bet af uge 17, s\u00e5<br>s\u00f8rg for at holde din vejbr\u00f8nd fri for biler m.m.<br>Da vejret spiller en rolle i forhold til arbejdet, kan det blive<br>n\u00f8dvendigt for leverand\u00f8ren at tage weekenden i brug ogs\u00e5.<br>S\u00e5 det er i hele uge 17, at I bedes sikre, at der er fri passage til<br>vejbr\u00f8ndene.<\/p>\n\n\n\n<p>Mvh. Bestyrelsen<\/p>\n\n\n\n<p class=\"has-text-align-center\"><strong>Nyhedsbrev december 2023<\/strong><\/p>\n\n\n\n<p>Velkommen \ufffd\ufffd<br>Siden sidste nyhedsbrev, har vi f\u00e5et f\u00f8lgende nye grundejere, hjertelig velkommen til jer:<br>Kessel Alle 17 \u2013 25 &#8211; 35<br>Elborg Alle 3 &#8211; 20<br>Diesen Alle 11 &#8211; 24<br>Emmerich Alle 11<br>Malden Alle 3 \u2013 17 &#8211; 22<br>N\u00f8ragersmindevej 139 &#8211; 147<br>Bakel Alle 38<br>Vejsyn<br>I forhold til det lidt bl\u00e6sende efter\u00e5r\/vinter og det smukke l\u00f8vfald vi ser rundt omkring, vil vi gerne<br>opfordre til at vi, i alles interesse, f\u00e5r kigget p\u00e5 vores respektive fortov og riste samt f\u00e5r fjernet hvad<br>der nu m\u00e5tte ligge. Dette skal medvirke til at vedligeholde vores kloakker, og undg\u00e5 grimme<br>oversv\u00f8mmelser.<br>Vi skal ligeledes g\u00f8re opm\u00e6rksom p\u00e5, at flere grundejere ikke har sikret at de to fortovsfliser er frie.<br>Der m\u00e5 s\u00e5ledes ikke v\u00e6re blomster, h\u00e6k eller andet der rager ud p\u00e5\/over fliserne. Der skal yderligere<br>v\u00e6re mindst 2,75 m fra fortovet og op til evt. udh\u00e6ngende grene fra tr\u00e6er. Vi risikerer, at vores<br>snerydning ikke kan k\u00f8re p\u00e5 fortovet og undlader at rydde d\u00e9r. Hvilket betyder, at I selv skal rydde<br>fortov og foreningen betaler for en ydelse, der ikke kan leveres. Husk det er hj\u00e6lp til selvhj\u00e6lp \ufffd\ufffd<br>Lokalplan<br>Vi har igen v\u00e6ret i dialog med Teknisk forvaltning omkring vores lokalplan \u2013 for at h\u00e6ve<br>bebyggelsesprocenten fra 25% til 30%, som vi ans\u00f8gte om i 2018. Seneste melding er at<br>Lokalplanarbejdet er blevet udskudt igen og forventes derfor f\u00f8rst at komme sendes i h\u00f8ring i starten<br>af 2024.<br>Hvis I har brug for at bygge, har bestyrelsen kendskab til at flere grundejere har f\u00e5et dispensation til en<br>bebyggelsesprocent p\u00e5 30 &#8211; s\u00e5 kontakt Teknisk Forvaltning, hvis I har brug for hj\u00e6lp.<br>Renseb\u00e5nd \/ kloak renser<br>Husk at foreningen har kloak renseb\u00e5nd og kloak renser. Disse l\u00e5nes gerne ud.<br>Henvendelse til bestyrelsen p\u00e5 mail: bestyrelsen@2791strandgaarden.dk.<br>Hent affaldsapp\u00e9n<br>P\u00e5 affaldsapp\u00e9n for T\u00e5rnby Kommune kan I se, hvorn\u00e5r affaldet bliver hentet, finde sorteringsguiden,<br>anmelde afvigelser samt bestille afhentning af Farligt affald (den r\u00f8de kasse) plus meget mere.<br>Det betyder ogs\u00e5, at I kan modtage en sms dagen f\u00f8r afhentning.<br>Find flere nyttige links og apps p\u00e5 vores hjemmeside.<br>Hundeefterladenskaber<br>Vi ser gerne, at n\u00e5r jeres hund skal af med \u201dnoget\u201d, at det bliver samlet op igen \u2013 udfordringen er is\u00e6r<br>p\u00e5 Liesel Alle og N\u00f8ragersmindevej. Det er ikke l\u00e6kkert at sl\u00e5 gr\u00e6s med friske hundeefterladenskaber.<\/p>\n\n\n\n<p>Grundejerforeningen Strandg\u00e5rden<br>v\/ formand Susanne Kleberg, Elborg Alle 52, 2791 Drag\u00f8r,<br>www.2791strandgaarden.dk; bestyrelsen@2791strandgaarden.dk<\/p>\n\n\n\n<p>Parkerings service<br>Kommunens parkeringsvagter har bes\u00f8gt vores grundejerforening flere gange. Dette har resulteret i 9<br>udskrevne parkeringsafgifter til p\u00e5h\u00e6ngsk\u00f8ret\u00f8jer (trailer og campingvogn).<br>Hermed uddrag fra T\u00e5rnby kommunes parkeringsregler:<br>\u00a7 1. Reglerne i denne bekendtg\u00f8relse finder anvendelse i forhold til k\u00f8ret\u00f8jer, der er henstillet p\u00e5<br>offentlige veje og private f\u00e6llesveje i byzone.<br>\u00a7 2. Biler med tilladt totalv\u00e6gt over 3.500 kg (lastbiler, busser og lignende), p\u00e5h\u00e6ngsk\u00f8ret\u00f8jer<br>(herunder traiere og campingvogne), motorredskaber og traktorer m\u00e5 ikke parkeres i tidsrummet kl.<br>19 &#8211; 07, medmindre s\u00e5dan parkering er tilladt ved s\u00e6rlig afm\u00e6rkning p\u00e5 bestemte vejstr\u00e6kninger eller<br>pladser. Disse steder kan ses p\u00e5 kommunens hjemmeside www.taarnby.dk.<br>Stk. 2. Uden for de n\u00e6vnte steder m\u00e5 p\u00e5h\u00e6ngsk\u00f8ret\u00f8jer (herunder campingvogne) med tilladt<br>totalv\u00e6gt p\u00e5 h\u00f8jest 2.000 kg dog parkeres i indtil 24 timer.<br>\u00a7 3. Det er tilladt for k\u00f8ret\u00f8jer, hvis tilladte totalv\u00e6gt ikke overstiger 3.000 kg at standse eller parkere<\/p>\n\n\n\n<ol start=\"1\" class=\"wp-block-list\">\n<li>delvist p\u00e5 fortov med en del af k\u00f8ret\u00f8jet og h\u00f8jst 2 hjul i k\u00f8ret\u00f8jets l\u00e6ngderetning. 2. helt eller<br>delvist p\u00e5 skillerabat s\u00e5fremt det ikke er til fare eller ulempe for f\u00e6rdslen p\u00e5 fortovet i henhold til<br>f\u00e6rdselslovens \u00a73<br>&nbsp;<br>Nabohj\u00e6lp<br>Nabohj\u00e6lp er en pr\u00e6ventiv ordning i forhold til indbrud. Ved at tilmelde dig nabohj\u00e6lp (som er gratis),<br>signalerer du overfor fremmede, at du og dine naboer holder \u00f8je med hinanden.<br>Der har i sommers v\u00e6ret flere indbrud\/fors\u00f8g p\u00e5 indbrud i vores omr\u00e5det. Vi h\u00e5ber, at vi kan reducere<br>risikoen for indbrud, ved at udbrede budskabet om nabohj\u00e6lp.<br>Undg\u00e5 indbrud med Nabohj\u00e6lp.<br>N\u00e5r du opretter en profil p\u00e5 nabohj\u00e6lp.dk eller henter deres&nbsp;app, f\u00e5r du redskaberne til nemmere og<br>mere stabil nabohj\u00e6lp:<\/li>\n<\/ol>\n\n\n\n<p>\u00b7 Adgang til at sende og modtage advarsler i nabolaget, hvis der sker noget mist\u00e6nkeligt<br>\u00b7 Klisterm\u00e6rker til postkasser og d\u00f8re<br>\u00b7 Adgang til en feriekalender, s\u00e5 du kan fort\u00e6lle betroede naboer, hvorn\u00e5r dit hjem er<br>alene hjemme.<br>Ejendomsvurderinger<br>Vi har henvendt os til Grundejerforeningernes sammenslutning i forhold til de nye<br>ejendomsvurderinger. Ud fra det, har vi som bestyrelse, ikke mulighed for at g\u00e5 ind i disse sager for<br>den enkelte grundejer. Derfor er det helt op til den enkelte grundejer at klage, n\u00e5r denne mulighed<br>foreligger.<br>Bestyrelsen vil samtidig benytte lejligheden til at \u00f8nske alle en rigtig gl\u00e6delig jul samt et lykkebringende 2024.<\/p>\n\n\n\n<p><\/p>\n\n\n\n<h4 class=\"wp-block-heading has-text-align-center\">Nyhedsbrev marts 2022<\/h4>\n\n\n\n<p><strong>Velkommen!<\/strong><\/p>\n\n\n\n<p>Siden sidste nyhedsbrev, har vi f\u00e5et f\u00f8lgende nye grundejere, som vi siger velkommen til:<\/p>\n\n\n\n<p>Kessel Alle 4 + 41 1+ 44<\/p>\n\n\n\n<p>Elborg Alle 26 + 29 + 33<\/p>\n\n\n\n<p>Diesen Alle 7 + 17 + 42<\/p>\n\n\n\n<p>Emmerich Alle 1 + 37<\/p>\n\n\n\n<p>Mortel Alle 9 + 21 + 38<\/p>\n\n\n\n<p>Malden Alle 3 + 6 + 11 + 17<\/p>\n\n\n\n<p>Bakel Alle 36<\/p>\n\n\n\n<p>N\u00f8ragersmindevej 135 + 155<\/p>\n\n\n\n<blockquote class=\"wp-block-quote is-layout-flow wp-block-quote-is-layout-flow\">\n<p><strong>Rensning af vejbr\u00f8nde \u2013 VIGTIGT<\/strong><br><strong>Vores vejbr\u00f8nde vil blive renset og spulet i l\u00f8bet af uge 14, s\u00e5 s\u00f8rg for at holde din vejbr\u00f8nd fri for biler m.m.<\/strong><\/p>\n<\/blockquote>\n\n\n\n<p><strong>Parkering<\/strong><\/p>\n\n\n\n<p>Bestyrelsen bringer lige \u00a71 i bekendtg\u00f8relsen om parkering fra T\u00e5rnby Kommune:<\/p>\n\n\n\n<p>\u00a7 1. Reglerne i denne bekendtg\u00f8relse finder anvendelse i forhold til k\u00f8ret\u00f8jer, der er henstillet p\u00e5 offentlige veje og private f\u00e6lles veje. \u00a7 2. Biler med tilladt totalv\u00e6gt over 3.500 kg (lastbiler, busser og lignende), p\u00e5h\u00e6ngs-k\u00f8ret\u00f8jer (herunder campingvogne), motorredskaber og traktorer m\u00e5 ikke parkeres i tidsrummet kl. 1900-0700, medmindre s\u00e5dan parkering er tilladt ved s\u00e6rlig afm\u00e6rkning p\u00e5 bestemte vejstr\u00e6kninger eller pladser. Uden for de n\u00e6vnte steder m\u00e5 p\u00e5h\u00e6ngsk\u00f8ret\u00f8jer (herunder campingvogne) med tilladt totalv\u00e6gt p\u00e5 h\u00f8jest 2000 kg dog parkeres i indtil 24 timer. stk. 2. Det er tilladt for k\u00f8ret\u00f8jer, hvis tilladte totalv\u00e6gt ikke overstiger 3,5 t at standse eller parkere med en del af k\u00f8ret\u00f8jet p\u00e5 fortov. Bestyrelsen opfordrer til, at man s\u00e5 vidt muligt parkerer inde p\u00e5 sin grund. S\u00e5fremt dette ikke kan lade sig g\u00f8re bedes man parkere p\u00e5 vejen, s\u00e5 fortovet er frit.<\/p>\n\n\n\n<p>Husk at parkering med trailer\/campingvogn kan ske i max 24 timer.<\/p>\n\n\n\n<p><strong>Nyttige apps<\/strong><\/p>\n\n\n\n<p>Nabohj\u00e6lp<\/p>\n\n\n\n<p>Nabov\u00e6rn<\/p>\n\n\n\n<p>Affaldsportal<\/p>\n\n\n\n<p>Giv et praj &#8211; T\u00e5rnby<\/p>\n\n\n\n<p><strong>Nyttige Facebook-grupper:<\/strong><br>N\u00f8ragersmindekvarteret G\/F Strandg\u00e5rden<\/p>\n\n\n\n<p>N\u00f8ragersmindevej\/Kongelundsvej k\u00f8b&amp;salg<\/p>\n\n\n\n<p>Nabohj\u00e6lp T\u00e5rnby<\/p>\n\n\n\n<p>T\u00e5rnby Nabov\u00e6rn<\/p>\n\n\n\n<p>T\u00e5rnby p\u00e5 Tv\u00e6rs<\/p>\n\n\n\n<p>Strandg\u00e5rdens St\u00f8tteforening (kun relevant, hvis man har b\u00f8rn i Strandg\u00e5rdens b\u00f8rnecenter)<\/p>\n\n\n\n<p><strong>Rotter<\/strong><\/p>\n\n\n\n<p>Frosten st\u00e5r forsat for d\u00f8ren, og rotterne vil om kort tid s\u00f8ge v\u00e6k fra udend\u00f8rsomr\u00e5der, og ind hvor de kan finde \u00e5bne d\u00f8re, vinduer, spr\u00e6kker, ja selv sm\u00e5 huller hvor det kan lade sig g\u00f8re at presse deres lille hoved igennem.<\/p>\n\n\n\n<p>S\u00e5dan slipper du for rotter:<\/p>\n\n\n\n<p>Rotterne ville v\u00e6re fantastiske ninjaer.<\/p>\n\n\n\n<p>De kan komme ind alle steder. De kan kravle op af alle former for overflader, bev\u00e6ge sig rundt de m\u00e6rkeligste steder og ofte opdager man dem ikke f\u00f8r de har for\u00e5rsaget skade.<\/p>\n\n\n\n<p>Men du kan f\u00f8lge disse r\u00e5d, hvis du gerne vil slippe for de sm\u00e5 gnavere i dit hjem:<\/p>\n\n\n\n<p>1: Mad tiltr\u00e6kker<\/p>\n\n\n\n<p>S\u00f8rg for at holde al mad v\u00e6k fra rottens duftesans. Herunder h\u00f8rer ogs\u00e5 fodring af fuglene hen over vinteren. Det er et gratis m\u00e5ltid for rotterne, og hvis du tror det kun er de sm\u00e5 hyggelige fugle der kigger forbi, tager du grundigt fejl.<\/p>\n\n\n\n<p>2: Hold ejendommen ryddelig<\/p>\n\n\n\n<p>Rotter har ogs\u00e5 naturlige fjender. Oftest fra fugle der hurtigt opdager en rotte\/mus der ikke har gemt sig godt nok. Huskatten er ogs\u00e5 en typisk fjende.<\/p>\n\n\n\n<p>Hvis du tilbyder rotten masser af gemmesteder, det kunne v\u00e6re pga. manglende oprydning, s\u00e5 bliver du hurtigt rottens gode ven \u2013 stik mod dit \u00f8nske.<\/p>\n\n\n\n<p>3: Klip ekstern bevoksning til<\/p>\n\n\n\n<p>Rotter er dygtige klatrere. Hvis jeres beplantning f\u00f8rer helt op til tag eller tagrende, har de fri adgang til taget. Derfra kan diverse udluftningskanaler benyttes som fri adgang til jeres bolig.<\/p>\n\n\n\n<p>4: Luk diverse udluftningskanaler<\/p>\n\n\n\n<p>S\u00f8rg for at afsp\u00e6rre rotter adgang igennem udluftningskanaler. Det kan du g\u00f8re med eksempelvis h\u00f8nsetr\u00e5d.<\/p>\n\n\n\n<p>5: Tjek&nbsp;vandl\u00e5s&nbsp;og afl\u00f8bsr\u00f8r<\/p>\n\n\n\n<p>Rotter har ikke noget imod at sv\u00f8mme en tur i spildevand. Det kan derfor v\u00e6re en god id\u00e9 at installere afl\u00f8bsriste og rottesp\u00e6rrer i afl\u00f8bsr\u00f8rene. En typisk fodfejl er troen p\u00e5 at rotter ikke kan komme forbi de hindringer vi s\u00e6tter op. Monterer du eksempelvis ikke afl\u00f8bsristene godt nok, skubber rotterne dem bare v\u00e6k. De kan l\u00f8fte op til 1,2 kg!<\/p>\n\n\n\n<p>6: Tjek huset igennem<\/p>\n\n\n\n<p>Se efter spr\u00e6kker, sm\u00e5 huller, ut\u00e6tte vinduer osv. Rotter kan komme ind alle steder, hvis man er blot lidt for hurtig med at tjekke huset igennem. S\u00e5 brug den ekstra tid p\u00e5 at sikre alle muligheder bliver lukket forsvarligt til.<\/p>\n\n\n\n<p>S\u00f8rg ogs\u00e5 for at bruge et materiale ved reparationen som rotten ikke kan bide sig igennem.<\/p>\n\n\n\n<p><strong>Fibernet<\/strong><\/p>\n\n\n\n<p>Kun en enkelt grundejer har benyttet sig af den klagevejledning som kunne findes p\u00e5 foreningens hjemmeside.<\/p>\n\n\n\n<p><strong>Skal du s\u00e6lge?<\/strong><\/p>\n\n\n\n<p>Har du brug for papirer i forbindelse med salg (vedt\u00e6gter, referater, regnskab fra seneste <a>generalforsamling mm) s\u00e5 kontakt vores kasserer direkte p\u00e5 mail: <\/a><a href=\"mailto:kasserer@2791strandgaarden.dk\">kasserer@2791strandgaarden.dk<\/a>&nbsp;<\/p>\n\n\n\n<p>Med venlig hilsen<\/p>\n\n\n\n<p>Bestyrelsen<\/p>\n\n\n\n<h3 class=\"wp-block-heading\"><\/h3>\n\n\n\n<h3 class=\"wp-block-heading has-text-align-center\"><strong>Nyhedsbrev november 2020<\/strong><\/h3>\n\n\n\n<p><strong>Velkommen!<\/strong><br>Siden sidste nyhedsbrev, har vi f\u00e5et f\u00f8lgende nye grundejere, som vi siger velkommen til:<br>Kessel Alle 5 + 18 + 26 + 27 + 42<br>Elborg Alle 42<br>Diesen Alle 8<br>Mortel Alle 21 + 40<br>Malden Alle 6<br>N\u00f8ragersmindevej 155<br>Bakel Alle 17<\/p>\n\n\n\n<p><strong>Fastelavn<\/strong><br>Bestyrelsen har brug for ekstra h\u00e6nder, n\u00e5r der afholdes fastelavn den 14. februar 2021. Interesserede kan kontakte bestyrelsen p\u00e5 mail: <a href=\"mailto:bestyrelsen@2791strandgaarden.dk\">bestyrelsen@2791strandgaarden.dk<\/a>.<\/p>\n\n\n\n<p><strong>Parkering<\/strong><br>Bestyrelsen opfordrer til, at man s\u00e5 vidt muligt parkerer inde p\u00e5 sin grund. S\u00e5fremt dette ikke kan lade sig g\u00f8re bedes man parkere p\u00e5 vejen, s\u00e5 fortovet er frit. Husk at parkering med trailer\/campingvogn kan ske i max 24 timer.<\/p>\n\n\n\n<p><strong>Hjertestarter<\/strong><br>Husk at vi har en hjertestarter ved B\u00f8rnehaven p\u00e5 Elborg Alle. Bestyrelsen opfordrer alle til at blive hjertel\u00f8ber. <a href=\"https:\/\/hjertestarter.dk\/hjerteloeber\">https:\/\/hjertestarter.dk\/hjerteloeber<\/a><\/p>\n\n\n\n<p><strong>Kloak renseb\u00e5nd \/ kloak renser<\/strong><br>Husk at foreningen har kloak renseb\u00e5nd og kloak renser. Disse l\u00e5nes gerne ud.<\/p>\n\n\n\n<p>Henvendelse til bestyrelsen p\u00e5 mail: <a href=\"mailto:bestyrelsen@2791strandgaarden.dk\">bestyrelsen@2791strandgaarden.dk<\/a>.<\/p>\n\n\n\n<p><strong>Skal du s\u00e6lge?<\/strong><br>Har du brug for papirer i forbindelse med salg (vedt\u00e6gter, referater, regnskab fra seneste generalforsamling mm) s\u00e5 kontakt vores kasserer direkte p\u00e5 mail: <a href=\"mailto:kasserer@2791strandgaarden.dk\">kasserer@2791strandgaarden.dk<\/a>&nbsp;<\/p>\n\n\n\n<p><strong>Automatisk betaling af kontingent<\/strong><br>Vi anbefaler, at du tilmelder dig BetalingsService (PBS) via din bank, hvis du ikke allerede er tilmeldt, s\u00e5 n\u00e6ste betaling sker automatisk.<\/p>\n\n\n\n<p>Foreningens oplysninger er:<br>PBS-nr: 4359593<br>Debitorgruppe: 0001<br>Kundenummer er lig dit medlemsnummer. (kan oplyses af kasseren)<\/p>\n\n\n\n<p><strong>Rensning af vejbr\u00f8nde \u2013 VIGTIGT<\/strong><br><strong>Vores vejbr\u00f8nde vil blive renset og suget i l\u00f8bet af uge 50, s\u00e5 s\u00f8rg for at holde din vejbr\u00f8nd fri for biler m.m.<\/strong><\/p>\n\n\n\n<p>Med venlig hilsen<\/p>\n\n\n\n<p>Bestyrelsen<\/p>\n\n\n\n<p class=\"has-text-align-center\"><strong>Nyhedsbrev november 2019<\/strong><\/p>\n\n\n\n<p><strong>Velkommen!<\/strong><br>Siden sidste nyhedsbrev, har vi f\u00e5et f\u00f8lgende nye grundejere, som vi siger velkommen til:<br>Elborg Alle nr. 15 + 19 + 29<br>Kessel Alle nr. 9 + 28 + 34<br>Diesen Alle nr. 18<br>Bakel Alle nr. 19<br>Mortel Alle nr. 8 + 41<br>Malden Alle nr. 12 + 20<br>Emmerich Alle nr. 17<\/p>\n\n\n\n<p><strong>Fastelavn<\/strong><br>Bestyrelsen har brug for ekstra h\u00e6nder, n\u00e5r der afholdes fastelavn den 23. februar 2020. Interesserede kan kontakte bestyrelsen p\u00e5 mail: <a href=\"http:\/\/bestyrelsen@2791strandgaarden.dk \">bestyrelsen@2791strandgaarden.dk<\/a><\/p>\n\n\n\n<p><strong>Fiber-net<\/strong><br>Flere grundejere har f\u00e5et opgravet i forbindelse med fiber-net. Husk at rense rendestenen, s\u00e5 der ikke kommer grus i br\u00f8ndene. V\u00e6r opm\u00e6rksom p\u00e5 om re-etablering af fortov og overk\u00f8rsler bliver udf\u00f8rt korrekt, n\u00e5r arbejdet ud for jeres matrikel er f\u00e6rdiggjort. Hvis der registreres fejl og mangler skal man kontakte VIKTECH p\u00e5 tlf. 46473828<\/p>\n\n\n\n<p><strong>Parkering<\/strong><br>Bestyrelsen opfordrer til, at man s\u00e5 vidt muligt parkerer inde p\u00e5 sin grund. S\u00e5fremt dette ikke kan lade sig g\u00f8re bedes man parkere p\u00e5 vejen, s\u00e5 fortovet er frit. Husk at parkering med trailer kan ske i max 24 timer.<\/p>\n\n\n\n<p><strong>Hjertestarter<\/strong><br>I for\u00e5ret har grundejere i Strandg\u00e5rden \u201dg\u00e5et\u201d sig til en hjertestarter. Den er nu opsat ved B\u00f8rnehaven p\u00e5 Elborg Alle. Disse grundejere er blevet tilbudt kursus i brug af hjertestarter. Det samme g\u00e6lder alle p\u00e6dagoger i b\u00f8rnehaven. S\u00e5 en opfordring til alle om, at blive hjertel\u00f8ber. <a href=\"https:\/\/hjertestarter.dk\/hjerteloeber \">https:\/\/hjertestarter.dk\/hjerteloeber<\/a><\/p>\n\n\n\n<p><strong>Kloak renseb\u00e5nd \/ kloak renser<\/strong><br>Husk at foreningen har kloak renseb\u00e5nd og kloak renser. Disse l\u00e5nes gerne ud. Henvendelse til bestyrelsen p\u00e5 mail: <a href=\"http:\/\/bestyrelsen@2791strandgaarden.dk \">bestyrelsen@2791strandgaarden.dk<\/a><\/p>\n\n\n\n<p><strong>Skal du s\u00e6lge?<\/strong><br>Har du brug for papirer i forbindelse med salg (vedt\u00e6gter, referater, regnskab fra seneste generalforsamling mm) s\u00e5 kontakt vores kasserer direkte p\u00e5 mail: <a href=\"http:\/\/kasserer@2791strandgaarden.dk \">kasserer@2791strandgaarden.dk<\/a><\/p>\n\n\n\n<p><strong>Vejsyn<\/strong><br>Bestyrelsen har g\u00e5et 2 vejsyn i 2019 hvor veje, fortove, kantsten, h\u00e6k og tr\u00e6er blev gennemg\u00e5et. Der blev givet 64 p\u00e5mindelser fra vejudvalget.<\/p>\n\n\n\n<h2 class=\"wp-block-heading\">Rensning af vejbr\u00f8nde \u2013 VIGTIGT Vores vejbr\u00f8nde vil blive renset og spulet i l\u00f8bet af uge 50, s\u00e5 s\u00f8rg for at holde din vejbr\u00f8nd fri for biler m.m.<\/h2>\n","protected":false},"excerpt":{"rendered":"<p>Nyhedsbrev februar 2025 Velkommen \ufffd\ufffdSiden sidste nyhedsbrev, har vi f\u00e5et f\u00f8lgende nye grundejere, hjertelig velkommen til jer:Kessel Alle 8 &#8211; 28Elborg Alle 13Diesen Alle 13 &#8211; 14N\u00f8ragersmindevej 137Mortel Alle 23Liesel AlleBestyrelsen har v\u00e6ret i dialog med Rikke fra Strandg\u00e5rdens Hestepension. Hun fort\u00e6ller, at det ikkel\u00e6ngere vil v\u00e6re muligt at g\u00e5 p\u00e5 hendes matrikel. Det betyder,&hellip;<\/p>\n","protected":false},"author":1,"featured_media":0,"parent":0,"menu_order":0,"comment_status":"closed","ping_status":"closed","template":"","meta":{"_bbp_topic_count":0,"_bbp_reply_count":0,"_bbp_total_topic_count":0,"_bbp_total_reply_count":0,"_bbp_voice_count":0,"_bbp_anonymous_reply_count":0,"_bbp_topic_count_hidden":0,"_bbp_reply_count_hidden":0,"_bbp_forum_subforum_count":0,"footnotes":""},"class_list":["post-569","page","type-page","status-publish","hentry"],"_links":{"self":[{"href":"https:\/\/www.2791strandgaarden.dk\/index.php\/wp-json\/wp\/v2\/pages\/569","targetHints":{"allow":["GET"]}}],"collection":[{"href":"https:\/\/www.2791strandgaarden.dk\/index.php\/wp-json\/wp\/v2\/pages"}],"about":[{"href":"https:\/\/www.2791strandgaarden.dk\/index.php\/wp-json\/wp\/v2\/types\/page"}],"author":[{"embeddable":true,"href":"https:\/\/www.2791strandgaarden.dk\/index.php\/wp-json\/wp\/v2\/users\/1"}],"replies":[{"embeddable":true,"href":"https:\/\/www.2791strandgaarden.dk\/index.php\/wp-json\/wp\/v2\/comments?post=569"}],"version-history":[{"count":7,"href":"https:\/\/www.2791strandgaarden.dk\/index.php\/wp-json\/wp\/v2\/pages\/569\/revisions"}],"predecessor-version":[{"id":587,"href":"https:\/\/www.2791strandgaarden.dk\/index.php\/wp-json\/wp\/v2\/pages\/569\/revisions\/587"}],"wp:attachment":[{"href":"https:\/\/www.2791strandgaarden.dk\/index.php\/wp-json\/wp\/v2\/media?parent=569"}],"curies":[{"name":"wp","href":"https:\/\/api.w.org\/{rel}","templated":true}]}}