{"id":222,"date":"2021-10-31T22:10:16","date_gmt":"2021-10-31T22:10:16","guid":{"rendered":"https:\/\/www.2791strandgaarden.dk\/?page_id=222"},"modified":"2025-12-04T06:55:03","modified_gmt":"2025-12-04T06:55:03","slug":"links-apps","status":"publish","type":"page","link":"https:\/\/www.2791strandgaarden.dk\/index.php\/links-apps\/","title":{"rendered":"LINKS\/APP\u00b4s"},"content":{"rendered":"\n<p>Nyttige links og app\u00b4s til grundejere i Strandg\u00e5rden:<\/p>\n\n\n\n<p><\/p>\n\n\n\n<p>Links:<\/p>\n\n\n\n<p><a href=\"https:\/\/www.2791strandgaarden.dk\/wp-content\/uploads\/2025\/09\/2025-Velkommen-til-Grundejerforeningen-Strandgaarden.pdf\">Velkomstfolder til G\/F Strandg\u00e5rden<\/a><\/p>\n\n\n\n<p><a href=\"https:\/\/www.facebook.com\/groups\/673666039328578\">N\u00f8ragersmindekvarteret G\/F Strandg\u00e5rden<\/a><\/p>\n\n\n\n<p><a href=\"https:\/\/www.facebook.com\/groups\/1168016503392039\">N\u00f8ragersmindevej\/Kongelundsvej k\u00f8b&amp;salg<\/a><\/p>\n\n\n\n<p><a href=\"https:\/\/www.facebook.com\/groups\/298700333627518\">Nabohj\u00e6lp T\u00e5rnby<\/a><\/p>\n\n\n\n<p><a href=\"https:\/\/www.facebook.com\/groups\/TaarnbyNabovaern\">T\u00e5rnby Nabov\u00e6rn<\/a><\/p>\n\n\n\n<p><a href=\"https:\/\/www.facebook.com\/groups\/Taarnbys.politik\">T\u00e5rnby p\u00e5 Tv\u00e6rs<\/a><\/p>\n\n\n\n<p><a href=\"https:\/\/www.facebook.com\/groups\/156083031148621\">Strandg\u00e5rdens St\u00f8tteforening <\/a>(nok mest relevant, hvis man har b\u00f8rn i Strandg\u00e5rdens b\u00f8rnecenter)<\/p>\n\n\n\n<p><\/p>\n\n\n\n<p>APP\u00b4s:<\/p>\n\n\n\n<p>Disse hentes via <a href=\"https:\/\/www.apple.com\/dk\/app-store\/\">App Store (Apple)<\/a> eller <a href=\"https:\/\/play.google.com\/store\/apps?hl=da&amp;gl=US\">Google Play (Android)<\/a><\/p>\n\n\n\n<p>Nabohj\u00e6lp<\/p>\n\n\n\n<p>Nabov\u00e6rn<\/p>\n\n\n\n<p>T\u00e5rnby affald<\/p>\n\n\n\n<p>Giv et praj &#8211; T\u00e5rnby<\/p>\n\n\n\n<p><a href=\"https:\/\/www.2791strandgaarden.dk\/wp-content\/uploads\/2025\/12\/7dafe56324914d5bb7c769addabe0b02.pdf\">F\u00e6rdselsarealer for alle<\/a><\/p>\n","protected":false},"excerpt":{"rendered":"<p>Nyttige links og app\u00b4s til grundejere i Strandg\u00e5rden: Links: Velkomstfolder til G\/F Strandg\u00e5rden N\u00f8ragersmindekvarteret G\/F Strandg\u00e5rden N\u00f8ragersmindevej\/Kongelundsvej k\u00f8b&amp;salg Nabohj\u00e6lp T\u00e5rnby T\u00e5rnby Nabov\u00e6rn T\u00e5rnby p\u00e5 Tv\u00e6rs Strandg\u00e5rdens St\u00f8tteforening (nok mest relevant, hvis man har b\u00f8rn i Strandg\u00e5rdens b\u00f8rnecenter) APP\u00b4s: Disse hentes via App Store (Apple) eller Google Play (Android) Nabohj\u00e6lp Nabov\u00e6rn T\u00e5rnby affald Giv et praj&hellip;<\/p>\n","protected":false},"author":1,"featured_media":0,"parent":0,"menu_order":0,"comment_status":"closed","ping_status":"closed","template":"","meta":{"_bbp_topic_count":0,"_bbp_reply_count":0,"_bbp_total_topic_count":0,"_bbp_total_reply_count":0,"_bbp_voice_count":0,"_bbp_anonymous_reply_count":0,"_bbp_topic_count_hidden":0,"_bbp_reply_count_hidden":0,"_bbp_forum_subforum_count":0,"footnotes":""},"class_list":["post-222","page","type-page","status-publish","hentry"],"_links":{"self":[{"href":"https:\/\/www.2791strandgaarden.dk\/index.php\/wp-json\/wp\/v2\/pages\/222","targetHints":{"allow":["GET"]}}],"collection":[{"href":"https:\/\/www.2791strandgaarden.dk\/index.php\/wp-json\/wp\/v2\/pages"}],"about":[{"href":"https:\/\/www.2791strandgaarden.dk\/index.php\/wp-json\/wp\/v2\/types\/page"}],"author":[{"embeddable":true,"href":"https:\/\/www.2791strandgaarden.dk\/index.php\/wp-json\/wp\/v2\/users\/1"}],"replies":[{"embeddable":true,"href":"https:\/\/www.2791strandgaarden.dk\/index.php\/wp-json\/wp\/v2\/comments?post=222"}],"version-history":[{"count":11,"href":"https:\/\/www.2791strandgaarden.dk\/index.php\/wp-json\/wp\/v2\/pages\/222\/revisions"}],"predecessor-version":[{"id":597,"href":"https:\/\/www.2791strandgaarden.dk\/index.php\/wp-json\/wp\/v2\/pages\/222\/revisions\/597"}],"wp:attachment":[{"href":"https:\/\/www.2791strandgaarden.dk\/index.php\/wp-json\/wp\/v2\/media?parent=222"}],"curies":[{"name":"wp","href":"https:\/\/api.w.org\/{rel}","templated":true}]}}