{"id":20,"date":"2019-05-26T05:20:55","date_gmt":"2019-05-26T05:20:55","guid":{"rendered":"https:\/\/www.2791strandgaarden.dk\/?page_id=20"},"modified":"2024-07-13T10:48:25","modified_gmt":"2024-07-13T10:48:25","slug":"vedtaegter","status":"publish","type":"page","link":"https:\/\/www.2791strandgaarden.dk\/index.php\/vedtaegter\/","title":{"rendered":"Vedt\u00e6gter"},"content":{"rendered":"\n<p class=\"has-text-align-left has-medium-font-size\"><a href=\"https:\/\/www.2791strandgaarden.dk\/wp-content\/uploads\/2024\/07\/Vedtaegter-april24.pdf\">\u00c5BEN SOM PDF<\/a><\/p>\n\n\n\n<div data-wp-interactive=\"core\/file\" class=\"wp-block-file\"><object data-wp-bind--hidden=\"!state.hasPdfPreview\" hidden class=\"wp-block-file__embed\" data=\"https:\/\/www.2791strandgaarden.dk\/wp-content\/uploads\/2024\/07\/Vedtaegter-april24-1.pdf\" type=\"application\/pdf\" style=\"width:100%;height:600px\" aria-label=\"Embed Vedt\u00e6gter april24.\"><\/object><a id=\"wp-block-file--media-1769b98f-3726-49dc-a70c-e9df343563ba\" href=\"https:\/\/www.2791strandgaarden.dk\/wp-content\/uploads\/2024\/07\/Vedtaegter-april24-1.pdf\">Vedt\u00e6gter april24<\/a><a href=\"https:\/\/www.2791strandgaarden.dk\/wp-content\/uploads\/2024\/07\/Vedtaegter-april24-1.pdf\" class=\"wp-block-file__button wp-element-button\" download aria-describedby=\"wp-block-file--media-1769b98f-3726-49dc-a70c-e9df343563ba\">Download<\/a><\/div>\n\n\n\n<p>S\u00e5ledes vedtaget af den ordin\u00e6re generalforsamling den 4. april 2001 og revideret den 28. april 2011, den 24. april 2013, den 23. april 2014, den 27. april 2017, den 25. april 2018, den 24. april 2019, den 5. oktober 2021, den 28. april 2022 og den 25. april 2024<\/p>\n","protected":false},"excerpt":{"rendered":"<p>\u00c5BEN SOM PDF S\u00e5ledes vedtaget af den ordin\u00e6re generalforsamling den 4. april 2001 og revideret den 28. april 2011, den 24. april 2013, den 23. april 2014, den 27. april 2017, den 25. april 2018, den 24. april 2019, den 5. oktober 2021, den 28. april 2022 og den 25. april 2024<\/p>\n","protected":false},"author":1,"featured_media":0,"parent":0,"menu_order":0,"comment_status":"closed","ping_status":"closed","template":"","meta":{"_bbp_topic_count":0,"_bbp_reply_count":0,"_bbp_total_topic_count":0,"_bbp_total_reply_count":0,"_bbp_voice_count":0,"_bbp_anonymous_reply_count":0,"_bbp_topic_count_hidden":0,"_bbp_reply_count_hidden":0,"_bbp_forum_subforum_count":0,"footnotes":""},"class_list":["post-20","page","type-page","status-publish","hentry"],"_links":{"self":[{"href":"https:\/\/www.2791strandgaarden.dk\/index.php\/wp-json\/wp\/v2\/pages\/20","targetHints":{"allow":["GET"]}}],"collection":[{"href":"https:\/\/www.2791strandgaarden.dk\/index.php\/wp-json\/wp\/v2\/pages"}],"about":[{"href":"https:\/\/www.2791strandgaarden.dk\/index.php\/wp-json\/wp\/v2\/types\/page"}],"author":[{"embeddable":true,"href":"https:\/\/www.2791strandgaarden.dk\/index.php\/wp-json\/wp\/v2\/users\/1"}],"replies":[{"embeddable":true,"href":"https:\/\/www.2791strandgaarden.dk\/index.php\/wp-json\/wp\/v2\/comments?post=20"}],"version-history":[{"count":23,"href":"https:\/\/www.2791strandgaarden.dk\/index.php\/wp-json\/wp\/v2\/pages\/20\/revisions"}],"predecessor-version":[{"id":512,"href":"https:\/\/www.2791strandgaarden.dk\/index.php\/wp-json\/wp\/v2\/pages\/20\/revisions\/512"}],"wp:attachment":[{"href":"https:\/\/www.2791strandgaarden.dk\/index.php\/wp-json\/wp\/v2\/media?parent=20"}],"curies":[{"name":"wp","href":"https:\/\/api.w.org\/{rel}","templated":true}]}}